{"id":2179,"date":"2025-07-26T13:19:04","date_gmt":"2025-07-26T13:19:04","guid":{"rendered":"https:\/\/ascend.pt\/?page_id=2179"},"modified":"2025-09-02T09:57:38","modified_gmt":"2025-09-02T09:57:38","slug":"le-recrutement","status":"publish","type":"page","link":"https:\/\/ascend.pt\/fr\/recrutamento\/","title":{"rendered":"Recrutement"},"content":{"rendered":"\t\t<div data-elementor-type=\"wp-page\" data-elementor-id=\"2179\" class=\"elementor elementor-2179\" data-elementor-post-type=\"page\">\n\t\t\t\t<div class=\"elementor-element elementor-element-4801a1d e-flex e-con-boxed e-con e-parent\" data-id=\"4801a1d\" data-element_type=\"container\" data-e-type=\"container\" data-settings=\"{&quot;background_background&quot;:&quot;classic&quot;}\">\n\t\t\t\t\t<div class=\"e-con-inner\">\n\t\t<div data-custom-animations=\"true\" data-ca-options=\"{&quot;addChildTimelines&quot;:false,&quot;trigger&quot;:&quot;firstChild&quot;,&quot;animationTarget&quot;:&quot;:scope  &gt; .e-con&quot;,&quot;duration&quot;:2500,&quot;delay&quot;:200,&quot;ease&quot;:[&quot;power4.out&quot;],&quot;initValues&quot;:{&quot;x&quot;:&quot;-500px&quot;,&quot;transformOrigin&quot;:&quot;50% 50% 0px&quot;},&quot;animations&quot;:{&quot;x&quot;:&quot;0px&quot;,&quot;transformOrigin&quot;:&quot;50% 50% 0px&quot;}}\" class=\"elementor-element elementor-element-c129154 e-con-full e-flex e-con e-child\" data-id=\"c129154\" data-element_type=\"container\" data-e-type=\"container\">\n\t\t<div class=\"elementor-element elementor-element-e0cdd29 e-con-full e-flex e-con e-child\" data-id=\"e0cdd29\" data-element_type=\"container\" data-e-type=\"container\">\n\t\t\t\t<div class=\"elementor-element elementor-element-16aab55 elementor-widget__width-initial elementor-hidden-desktop elementor-hidden-tablet elementor-hidden-mobile elementor-widget elementor-widget-heading\" data-id=\"16aab55\" data-element_type=\"widget\" data-e-type=\"widget\" data-widget_type=\"heading.default\">\n\t\t\t\t\t<h1 class=\"elementor-heading-title elementor-size-default\">recrutamento<\/h1>\t\t\t\t<\/div>\n\t\t\t\t<div class=\"elementor-element elementor-element-96e8f3d elementor-widget__width-initial elementor-hidden-mobile elementor-widget elementor-widget-heading\" data-id=\"96e8f3d\" data-element_type=\"widget\" data-e-type=\"widget\" data-widget_type=\"heading.default\">\n\t\t\t\t\t<div class=\"elementor-heading-title elementor-size-default\">\/ fale connosco<\/div>\t\t\t\t<\/div>\n\t\t\t\t<div class=\"elementor-element elementor-element-d0f5371 elementor-widget elementor-widget-heading\" data-id=\"d0f5371\" data-element_type=\"widget\" data-e-type=\"widget\" data-widget_type=\"heading.default\">\n\t\t\t\t\t<div class=\"elementor-heading-title elementor-size-default\">recrutamento<\/div>\t\t\t\t<\/div>\n\t\t\t\t<\/div>\n\t\t<div class=\"elementor-element elementor-element-e297a8d e-con-full e-flex e-con e-child\" data-id=\"e297a8d\" data-element_type=\"container\" data-e-type=\"container\">\n\t\t\t\t<\/div>\n\t\t\t\t<\/div>\n\t\t\t\t\t<\/div>\n\t\t\t\t<\/div>\n\t\t<div data-custom-animations=\"true\" data-ca-options=\"{&quot;addChildTimelines&quot;:false,&quot;trigger&quot;:&quot;firstChild&quot;,&quot;animationTarget&quot;:&quot;:scope .e-con-inner &gt; .e-con&quot;,&quot;duration&quot;:2000,&quot;delay&quot;:200,&quot;ease&quot;:[&quot;power4.out&quot;],&quot;initValues&quot;:{&quot;y&quot;:&quot;300px&quot;,&quot;transformOrigin&quot;:&quot;50% 50% 0px&quot;},&quot;animations&quot;:{&quot;y&quot;:&quot;0px&quot;,&quot;transformOrigin&quot;:&quot;50% 50% 0px&quot;}}\" class=\"elementor-element elementor-element-ddfc3aa e-flex e-con-boxed e-con e-parent\" data-id=\"ddfc3aa\" data-element_type=\"container\" data-e-type=\"container\" data-settings=\"{&quot;background_background&quot;:&quot;classic&quot;}\">\n\t\t\t\t\t<div class=\"e-con-inner\">\n\t\t<div data-custom-animations=\"true\" data-ca-options=\"{&quot;addChildTimelines&quot;:false,&quot;trigger&quot;:&quot;firstChild&quot;,&quot;animationTarget&quot;:&quot;:scope  &gt; .e-con&quot;,&quot;duration&quot;:2500,&quot;delay&quot;:200,&quot;ease&quot;:[&quot;power4.out&quot;],&quot;initValues&quot;:{&quot;x&quot;:&quot;-500px&quot;,&quot;transformOrigin&quot;:&quot;50% 50% 0px&quot;},&quot;animations&quot;:{&quot;x&quot;:&quot;0px&quot;,&quot;transformOrigin&quot;:&quot;50% 50% 0px&quot;}}\" class=\"elementor-element elementor-element-5383fd7 e-con-full e-flex e-con e-child\" data-id=\"5383fd7\" data-element_type=\"container\" data-e-type=\"container\">\n\t\t<div class=\"elementor-element elementor-element-6b866e6 e-con-full e-flex e-con e-child\" data-id=\"6b866e6\" data-element_type=\"container\" data-e-type=\"container\">\n\t\t\t\t<div class=\"elementor-element elementor-element-82962a5 elementor-widget elementor-widget-heading\" data-id=\"82962a5\" data-element_type=\"widget\" data-e-type=\"widget\" data-widget_type=\"heading.default\">\n\t\t\t\t\t<h2 class=\"elementor-heading-title elementor-size-default\">junta-te \u00e0 equipa<\/h2>\t\t\t\t<\/div>\n\t\t\t\t<div class=\"elementor-element elementor-element-c0dc662 elementor-widget__width-initial elementor-widget elementor-widget-text-editor\" data-id=\"c0dc662\" data-element_type=\"widget\" data-e-type=\"widget\" data-widget_type=\"text-editor.default\">\n\t\t\t\t\t\t\t\t\t<p data-start=\"124\" data-end=\"433\"><strong>Na Ascend, acreditamos que marcas extraordin\u00e1rias s\u00e3o constru\u00eddas por pessoas extraordin\u00e1rias.<\/strong> Procuramos talentos que partilhem a nossa paix\u00e3o por criar experi\u00eancias digitais que transformam neg\u00f3cios e elevam marcas ao pr\u00f3ximo n\u00edvel.<\/p>\t\t\t\t\t\t\t\t<\/div>\n\t\t\t\t<div class=\"elementor-element elementor-element-b25209e elementor-widget__width-initial elementor-widget elementor-widget-text-editor\" data-id=\"b25209e\" data-element_type=\"widget\" data-e-type=\"widget\" data-widget_type=\"text-editor.default\">\n\t\t\t\t\t\t\t\t\t<p data-start=\"124\" data-end=\"433\">Integrar a Ascend significa juntar-se a uma equipa criativa e orientada para resultados, focada em gerar impacto real para os nossos clientes. Aqui, encontras um ambiente que valoriza a inova\u00e7\u00e3o, promove o crescimento profissional e celebra o sucesso coletivo.<\/p>\t\t\t\t\t\t\t\t<\/div>\n\t\t\t\t<\/div>\n\t\t<div class=\"elementor-element elementor-element-13ef526 e-con-full e-flex e-con e-child\" data-id=\"13ef526\" data-element_type=\"container\" data-e-type=\"container\">\n\t\t\t\t<div class=\"elementor-element elementor-element-bfe3ed4 elementor-widget elementor-widget-image\" data-id=\"bfe3ed4\" data-element_type=\"widget\" data-e-type=\"widget\" data-widget_type=\"image.default\">\n\t\t\t\t\t\t\t\t\t\t\t\t\t\t\t<img fetchpriority=\"high\" decoding=\"async\" width=\"1912\" height=\"1184\" src=\"https:\/\/ascend.pt\/wp-content\/uploads\/2025\/07\/recrutamento.webp\" class=\"attachment-full size-full wp-image-2204\" alt=\"recrutamento\" srcset=\"https:\/\/ascend.pt\/wp-content\/uploads\/2025\/07\/recrutamento.webp 1912w, https:\/\/ascend.pt\/wp-content\/uploads\/2025\/07\/recrutamento-300x186.webp 300w, https:\/\/ascend.pt\/wp-content\/uploads\/2025\/07\/recrutamento-1024x634.webp 1024w, https:\/\/ascend.pt\/wp-content\/uploads\/2025\/07\/recrutamento-18x12.webp 18w, https:\/\/ascend.pt\/wp-content\/uploads\/2025\/07\/recrutamento-1536x951.webp 1536w\" sizes=\"(max-width: 1912px) 100vw, 1912px\" title=\"\">\t\t\t\t\t\t\t\t\t\t\t\t\t\t\t<\/div>\n\t\t\t\t<\/div>\n\t\t\t\t<\/div>\n\t\t<div class=\"elementor-element elementor-element-0517e94 e-con-full e-flex e-con e-child\" data-id=\"0517e94\" data-element_type=\"container\" data-e-type=\"container\">\n\t\t<div class=\"elementor-element elementor-element-34cdfd2 e-con-full e-flex e-con e-child\" data-id=\"34cdfd2\" data-element_type=\"container\" data-e-type=\"container\">\n\t\t<div class=\"elementor-element elementor-element-3f9aa64 e-con-full e-flex e-con e-child\" data-id=\"3f9aa64\" data-element_type=\"container\" data-e-type=\"container\">\n\t\t\t\t<div class=\"elementor-element elementor-element-dadb741 elementor-widget elementor-widget-heading\" data-id=\"dadb741\" data-element_type=\"widget\" data-e-type=\"widget\" data-widget_type=\"heading.default\">\n\t\t\t\t\t<h2 class=\"elementor-heading-title elementor-size-default\">est\u00e1gio curricular<\/h2>\t\t\t\t<\/div>\n\t\t\t\t<div class=\"elementor-element elementor-element-7d08d44 elementor-widget__width-initial elementor-widget elementor-widget-text-editor\" data-id=\"7d08d44\" data-element_type=\"widget\" data-e-type=\"widget\" data-widget_type=\"text-editor.default\">\n\t\t\t\t\t\t\t\t\t<p data-start=\"124\" data-end=\"433\">\u00c9s estudante e queres colocar a teoria em pr\u00e1tica? Aqui <strong>participas em projetos reais<\/strong> e aprendes com profissionais experientes para colocares em pr\u00e1tica a tua paix\u00e3o pelo universo digital.<\/p><p data-start=\"124\" data-end=\"433\">Aqui acompanhamos de perto o teu percurso com oportunidade para explorares todas as \u00e1reas, do design ao Google Ads, ter\u00e1s a possibilidade de contribuir com ideias frescas enquanto desenvolves compet\u00eancias para o teu futuro.<\/p>\t\t\t\t\t\t\t\t<\/div>\n\t\t\t\t<\/div>\n\t\t<div class=\"elementor-element elementor-element-45ec7cd e-con-full e-flex e-con e-child\" data-id=\"45ec7cd\" data-element_type=\"container\" data-e-type=\"container\">\n\t\t\t\t<div class=\"elementor-element elementor-element-1bce744 elementor-widget elementor-widget-heading\" data-id=\"1bce744\" data-element_type=\"widget\" data-e-type=\"widget\" data-widget_type=\"heading.default\">\n\t\t\t\t\t<h2 class=\"elementor-heading-title elementor-size-default\">est\u00e1gio profissional<\/h2>\t\t\t\t<\/div>\n\t\t\t\t<div class=\"elementor-element elementor-element-cadff0a elementor-widget__width-initial elementor-widget elementor-widget-text-editor\" data-id=\"cadff0a\" data-element_type=\"widget\" data-e-type=\"widget\" data-widget_type=\"text-editor.default\">\n\t\t\t\t\t\t\t\t\t<p class=\"whitespace-normal break-words\">Acabaste de concluir os estudos e est\u00e1s pronto para o pr\u00f3ximo passo? O nosso est\u00e1gio profissional \u00e9 desenhado para acelerar a tua entrada no mercado. <strong>Mais do que observar, vais executar:<\/strong> gerir campanhas, criar conte\u00fados, analisar m\u00e9tricas e participar em reuni\u00f5es com clientes.<\/p><p class=\"whitespace-normal break-words\">Atrav\u00e9s dos programas IEFP, ir\u00e1s ganhar compet\u00eancias em diversas \u00e1reas, numa oportunidade real de aprendizagem pr\u00e1tica que abre portas para integrares a equipa.<\/p><h2 class=\"text-xl font-bold text-text-100 mt-1 -mb-0.5\">\u00a0<\/h2>\t\t\t\t\t\t\t\t<\/div>\n\t\t\t\t<\/div>\n\t\t<div class=\"elementor-element elementor-element-27a3b1a e-con-full e-flex e-con e-child\" data-id=\"27a3b1a\" data-element_type=\"container\" data-e-type=\"container\">\n\t\t\t\t<div class=\"elementor-element elementor-element-d6b7752 elementor-widget elementor-widget-heading\" data-id=\"d6b7752\" data-element_type=\"widget\" data-e-type=\"widget\" data-widget_type=\"heading.default\">\n\t\t\t\t\t<h2 class=\"elementor-heading-title elementor-size-default\">profissionais<\/h2>\t\t\t\t<\/div>\n\t\t\t\t<div class=\"elementor-element elementor-element-ba3936f elementor-widget__width-initial elementor-widget elementor-widget-text-editor\" data-id=\"ba3936f\" data-element_type=\"widget\" data-e-type=\"widget\" data-widget_type=\"text-editor.default\">\n\t\t\t\t\t\t\t\t\t<p data-start=\"124\" data-end=\"433\"><strong>Procuras projetos estimulantes onde possas contribuir com o teu talento?<\/strong> Na Ascend, profissionais experientes encontram projetos estimulantes e a autonomia para fazer a diferen\u00e7a. Trabalhamos com marcas ambiciosas que exigem o melhor, num ambiente onde as tuas ideias t\u00eam impacto direto nos resultados.<\/p><p data-start=\"124\" data-end=\"433\">Se procuras uma oportunidade para crescer numa empresa com clientes em Portugal e no mundo, este \u00e9 o teu lugar.<\/p>\t\t\t\t\t\t\t\t<\/div>\n\t\t\t\t<\/div>\n\t\t\t\t<\/div>\n\t\t\t\t<\/div>\n\t\t<div data-custom-animations=\"true\" data-ca-options=\"{&quot;addChildTimelines&quot;:false,&quot;trigger&quot;:&quot;firstChild&quot;,&quot;animationTarget&quot;:&quot;:scope  &gt; .e-con&quot;,&quot;duration&quot;:2500,&quot;delay&quot;:200,&quot;ease&quot;:[&quot;power4.out&quot;],&quot;initValues&quot;:{&quot;x&quot;:&quot;-500px&quot;,&quot;transformOrigin&quot;:&quot;50% 50% 0px&quot;},&quot;animations&quot;:{&quot;x&quot;:&quot;0px&quot;,&quot;transformOrigin&quot;:&quot;50% 50% 0px&quot;}}\" class=\"elementor-element elementor-element-0cd68b0 e-con-full e-flex e-con e-child\" data-id=\"0cd68b0\" data-element_type=\"container\" data-e-type=\"container\">\n\t\t<div class=\"elementor-element elementor-element-30ff694 e-con-full e-flex e-con e-child\" data-id=\"30ff694\" data-element_type=\"container\" data-e-type=\"container\">\n\t\t\t\t<div class=\"elementor-element elementor-element-a703108 elementor-widget elementor-widget-heading\" data-id=\"a703108\" data-element_type=\"widget\" data-e-type=\"widget\" data-widget_type=\"heading.default\">\n\t\t\t\t\t<h3 class=\"elementor-heading-title elementor-size-default\">oportunidades<\/h3>\t\t\t\t<\/div>\n\t\t\t\t<div class=\"elementor-element elementor-element-e8818c8 elementor-widget__width-initial elementor-widget elementor-widget-text-editor\" data-id=\"e8818c8\" data-element_type=\"widget\" data-e-type=\"widget\" data-widget_type=\"text-editor.default\">\n\t\t\t\t\t\t\t\t\t<p data-start=\"124\" data-end=\"433\">Na Ascend, tens a possibilidade de <strong>construir uma carreira<\/strong> significativa no marketing digital. A nossa cultura valoriza a criatividade estrat\u00e9gica e a excel\u00eancia t\u00e9cnica num ambiente colaborativo onde cada profissional pode explorar o seu potencial e fazer a diferen\u00e7a.<\/p><p data-start=\"124\" data-end=\"433\"><strong>Se te identificas com os nossos valores, partilha o teu portf\u00f3lio connosco!<\/strong><\/p>\t\t\t\t\t\t\t\t<\/div>\n\t\t\t\t<\/div>\n\t\t<div class=\"elementor-element elementor-element-1bbfe9e e-con-full e-flex e-con e-child\" data-id=\"1bbfe9e\" data-element_type=\"container\" data-e-type=\"container\">\n\t\t\t\t<div class=\"elementor-element elementor-element-2c9dba3 elementor-button-align-end elementor-widget elementor-widget-form\" data-id=\"2c9dba3\" data-element_type=\"widget\" data-e-type=\"widget\" data-settings=\"{&quot;step_next_label&quot;:&quot;Next&quot;,&quot;step_previous_label&quot;:&quot;Anterior&quot;,&quot;button_width&quot;:&quot;100&quot;,&quot;step_type&quot;:&quot;number_text&quot;,&quot;step_icon_shape&quot;:&quot;circle&quot;}\" data-widget_type=\"form.default\">\n\t\t\t\t\t\t\t<form class=\"elementor-form\" method=\"post\" name=\"recrutamento\" aria-label=\"recrutamento\">\n\t\t\t<input type=\"hidden\" name=\"post_id\" value=\"2179\"\/>\n\t\t\t<input type=\"hidden\" name=\"form_id\" value=\"2c9dba3\"\/>\n\t\t\t<input type=\"hidden\" name=\"referer_title\" value=\"\" \/>\n\n\t\t\t\n\t\t\t<div class=\"elementor-form-fields-wrapper elementor-labels-above\">\n\t\t\t\t\t\t\t\t<div class=\"elementor-field-type-text elementor-field-group elementor-column elementor-field-group-name elementor-col-100\">\n\t\t\t\t\t\t\t\t\t\t\t\t\t<input size=\"1\" type=\"text\" name=\"form_fields[name]\" id=\"form-field-name\" class=\"elementor-field elementor-size-xs  elementor-field-textual\" placeholder=\"nome\">\n\t\t\t\t\t\t\t\t\t\t\t<\/div>\n\t\t\t\t\t\t\t\t<div class=\"elementor-field-type-text elementor-field-group elementor-column elementor-field-group-email elementor-col-40 elementor-field-required\">\n\t\t\t\t\t\t\t\t\t\t\t\t\t<input size=\"1\" type=\"text\" name=\"form_fields[email]\" id=\"form-field-email\" class=\"elementor-field elementor-size-xs  elementor-field-textual\" placeholder=\"telefone\" required=\"required\">\n\t\t\t\t\t\t\t\t\t\t\t<\/div>\n\t\t\t\t\t\t\t\t<div class=\"elementor-field-type-email elementor-field-group elementor-column elementor-field-group-field_f7de9f9 elementor-col-60 elementor-field-required\">\n\t\t\t\t\t\t\t\t\t\t\t\t\t<input size=\"1\" type=\"email\" name=\"form_fields[field_f7de9f9]\" id=\"form-field-field_f7de9f9\" class=\"elementor-field elementor-size-xs  elementor-field-textual\" placeholder=\"email\" required=\"required\">\n\t\t\t\t\t\t\t\t\t\t\t<\/div>\n\t\t\t\t\t\t\t\t<div class=\"elementor-field-type-select elementor-field-group elementor-column elementor-field-group-field_e6bc06f elementor-col-40 elementor-field-required\">\n\t\t\t\t\t\t\t<div class=\"elementor-field elementor-select-wrapper remove-before \">\n\t\t\t<div class=\"select-caret-down-wrapper\">\n\t\t\t\t<svg aria-hidden=\"true\" class=\"e-font-icon-svg e-eicon-caret-down\" viewBox=\"0 0 571.4 571.4\" xmlns=\"http:\/\/www.w3.org\/2000\/svg\"><path d=\"M571 393Q571 407 561 418L311 668Q300 679 286 679T261 668L11 418Q0 407 0 393T11 368 36 357H536Q550 357 561 368T571 393Z\"><\/path><\/svg>\t\t\t<\/div>\n\t\t\t<select name=\"form_fields[field_e6bc06f]\" id=\"form-field-field_e6bc06f\" class=\"elementor-field-textual elementor-size-xs\" required=\"required\">\n\t\t\t\t\t\t\t\t\t<option value=\"est\u00e1gio curricular\">est\u00e1gio curricular<\/option>\n\t\t\t\t\t\t\t\t\t<option value=\"est\u00e1gio profissional\">est\u00e1gio profissional<\/option>\n\t\t\t\t\t\t\t\t\t<option value=\"profissionais\">profissionais<\/option>\n\t\t\t\t\t\t\t<\/select>\n\t\t<\/div>\n\t\t\t\t\t\t<\/div>\n\t\t\t\t\t\t\t\t<div class=\"elementor-field-type-url elementor-field-group elementor-column elementor-field-group-field_9ec3072 elementor-col-60 elementor-field-required\">\n\t\t\t\t\t\t\t\t\t\t\t\t\t<input size=\"1\" type=\"url\" name=\"form_fields[field_9ec3072]\" id=\"form-field-field_9ec3072\" class=\"elementor-field elementor-size-xs  elementor-field-textual\" placeholder=\"behance.net\/\" required=\"required\">\n\t\t\t\t\t\t\t\t\t\t\t<\/div>\n\t\t\t\t\t\t\t\t<div class=\"elementor-field-type-textarea elementor-field-group elementor-column elementor-field-group-message elementor-col-100\">\n\t\t\t\t\t<textarea class=\"elementor-field-textual elementor-field  elementor-size-xs\" name=\"form_fields[message]\" id=\"form-field-message\" rows=\"7\" placeholder=\"mensagem\"><\/textarea>\t\t\t\t<\/div>\n\t\t\t\t\t\t\t\t<div class=\"elementor-field-type-upload elementor-field-group elementor-column elementor-field-group-field_df514a6 elementor-col-100\">\n\t\t\t\t\t\t\t<input type=\"file\" name=\"form_fields[field_df514a6]\" id=\"form-field-field_df514a6\" class=\"elementor-field elementor-size-xs  elementor-upload-field\" data-maxsize=\"10\" data-maxsize-message=\"Ce fichier d\u00e9passe la taille maximale autoris\u00e9e.\">\n\n\t\t\t\t\t\t<\/div>\n\t\t\t\t\t\t\t\t<div class=\"elementor-field-group elementor-column elementor-field-type-submit elementor-col-100 e-form__buttons\">\n\t\t\t\t\t<button class=\"elementor-button elementor-size-sm\" type=\"submit\">\n\t\t\t\t\t\t<span class=\"elementor-button-content-wrapper\">\n\t\t\t\t\t\t\t\t\t\t\t\t\t\t\t<span class=\"elementor-button-icon\">\n\t\t\t\t\t\t\t\t\t<svg xmlns=\"http:\/\/www.w3.org\/2000\/svg\" width=\"26\" height=\"27\" viewBox=\"0 0 26 27\" fill=\"none\"><path d=\"M1 25.8995L5.60538 21.2457L6.41976 20.4228L24.6509 2M24.6509 2V20.4228M24.6509 2H6.41976\" stroke=\"currentColor\" stroke-width=\"2.03269\"><\/path><\/svg>\t\t\t\t\t\t\t\t\t\t\t\t\t\t\t\t\t<\/span>\n\t\t\t\t\t\t\t\t\t\t\t\t\t\t\t\t\t\t\t\t\t\t<span class=\"elementor-button-text\">enviar<\/span>\n\t\t\t\t\t\t\t\t\t\t\t\t\t<\/span>\n\t\t\t\t\t<\/button>\n\t\t\t\t<\/div>\n\t\t\t<\/div>\n\t\t<\/form>\n\t\t\t\t\t\t<\/div>\n\t\t\t\t<\/div>\n\t\t\t\t<\/div>\n\t\t\t\t\t<\/div>\n\t\t\t\t<\/div>\n\t\t\t\t<\/div>\n\t\t","protected":false},"excerpt":{"rendered":"<p>recrutamento \/ fale connosco recrutamento junta-te \u00e0 equipa Na Ascend, acreditamos que marcas extraordin\u00e1rias s\u00e3o constru\u00eddas por pessoas extraordin\u00e1rias. Procuramos talentos que partilhem a nossa paix\u00e3o por criar experi\u00eancias digitais que transformam neg\u00f3cios e elevam marcas ao pr\u00f3ximo n\u00edvel. Integrar a Ascend significa juntar-se a uma equipa criativa e orientada para resultados, focada em gerar [&hellip;]<\/p>\n","protected":false},"author":1,"featured_media":0,"parent":0,"menu_order":0,"comment_status":"closed","ping_status":"closed","template":"","meta":{"footnotes":""},"class_list":["post-2179","page","type-page","status-publish","hentry"],"_links":{"self":[{"href":"https:\/\/ascend.pt\/fr\/wp-json\/wp\/v2\/pages\/2179","targetHints":{"allow":["GET"]}}],"collection":[{"href":"https:\/\/ascend.pt\/fr\/wp-json\/wp\/v2\/pages"}],"about":[{"href":"https:\/\/ascend.pt\/fr\/wp-json\/wp\/v2\/types\/page"}],"author":[{"embeddable":true,"href":"https:\/\/ascend.pt\/fr\/wp-json\/wp\/v2\/users\/1"}],"replies":[{"embeddable":true,"href":"https:\/\/ascend.pt\/fr\/wp-json\/wp\/v2\/comments?post=2179"}],"version-history":[{"count":21,"href":"https:\/\/ascend.pt\/fr\/wp-json\/wp\/v2\/pages\/2179\/revisions"}],"predecessor-version":[{"id":2940,"href":"https:\/\/ascend.pt\/fr\/wp-json\/wp\/v2\/pages\/2179\/revisions\/2940"}],"wp:attachment":[{"href":"https:\/\/ascend.pt\/fr\/wp-json\/wp\/v2\/media?parent=2179"}],"curies":[{"name":"wp","href":"https:\/\/api.w.org\/{rel}","templated":true}]}}