{"id":2704,"date":"2025-07-28T11:46:23","date_gmt":"2025-07-28T11:46:23","guid":{"rendered":"https:\/\/ascend.pt\/?page_id=2704"},"modified":"2026-04-21T19:14:39","modified_gmt":"2026-04-21T19:14:39","slug":"google-ads-2","status":"publish","type":"page","link":"https:\/\/ascend.pt\/en\/blog\/google-ads\/","title":{"rendered":"blog google ads"},"content":{"rendered":"\t\t<div data-elementor-type=\"wp-page\" data-elementor-id=\"2704\" class=\"elementor elementor-2704\" data-elementor-post-type=\"page\">\n\t\t\t\t<div class=\"elementor-element elementor-element-4801a1d e-flex e-con-boxed e-con e-parent\" data-id=\"4801a1d\" data-element_type=\"container\" data-e-type=\"container\" data-settings=\"{&quot;background_background&quot;:&quot;classic&quot;}\">\n\t\t\t\t\t<div class=\"e-con-inner\">\n\t\t<div data-custom-animations=\"true\" data-ca-options=\"{&quot;addChildTimelines&quot;:false,&quot;trigger&quot;:&quot;firstChild&quot;,&quot;animationTarget&quot;:&quot;:scope  &gt; .e-con&quot;,&quot;duration&quot;:2500,&quot;delay&quot;:200,&quot;ease&quot;:[&quot;power4.out&quot;],&quot;initValues&quot;:{&quot;x&quot;:&quot;-500px&quot;,&quot;transformOrigin&quot;:&quot;50% 50% 0px&quot;},&quot;animations&quot;:{&quot;x&quot;:&quot;0px&quot;,&quot;transformOrigin&quot;:&quot;50% 50% 0px&quot;}}\" class=\"elementor-element elementor-element-c129154 e-con-full e-flex e-con e-child\" data-id=\"c129154\" data-element_type=\"container\" data-e-type=\"container\">\n\t\t<div class=\"elementor-element elementor-element-e0cdd29 e-con-full e-flex e-con e-child\" data-id=\"e0cdd29\" data-element_type=\"container\" data-e-type=\"container\">\n\t\t\t\t<div class=\"elementor-element elementor-element-96e8f3d elementor-widget__width-initial elementor-hidden-mobile elementor-widget elementor-widget-heading\" data-id=\"96e8f3d\" data-element_type=\"widget\" data-e-type=\"widget\" data-widget_type=\"heading.default\">\n\t\t\t\t\t<div class=\"elementor-heading-title elementor-size-default\">\/ biblioteca<\/div>\t\t\t\t<\/div>\n\t\t\t\t<div class=\"elementor-element elementor-element-d0f5371 elementor-widget elementor-widget-heading\" data-id=\"d0f5371\" data-element_type=\"widget\" data-e-type=\"widget\" data-widget_type=\"heading.default\">\n\t\t\t\t\t<div class=\"elementor-heading-title elementor-size-default\">blog google ads<\/div>\t\t\t\t<\/div>\n\t\t\t\t<\/div>\n\t\t\t\t<\/div>\n\t\t\t\t\t<\/div>\n\t\t\t\t<\/div>\n\t\t<div data-custom-animations=\"true\" data-ca-options=\"{&quot;addChildTimelines&quot;:false,&quot;trigger&quot;:&quot;firstChild&quot;,&quot;animationTarget&quot;:&quot;:scope .e-con-inner &gt; .e-con&quot;,&quot;duration&quot;:2000,&quot;delay&quot;:200,&quot;ease&quot;:[&quot;power4.out&quot;],&quot;initValues&quot;:{&quot;y&quot;:&quot;300px&quot;,&quot;transformOrigin&quot;:&quot;50% 50% 0px&quot;},&quot;animations&quot;:{&quot;y&quot;:&quot;0px&quot;,&quot;transformOrigin&quot;:&quot;50% 50% 0px&quot;}}\" class=\"elementor-element elementor-element-ddfc3aa e-flex e-con-boxed e-con e-parent\" data-id=\"ddfc3aa\" data-element_type=\"container\" data-e-type=\"container\" data-settings=\"{&quot;background_background&quot;:&quot;classic&quot;}\">\n\t\t\t\t\t<div class=\"e-con-inner\">\n\t\t\t\t<div class=\"elementor-element elementor-element-2761b25 e-full_width e-n-menu-layout-horizontal e-n-menu-tablet elementor-widget elementor-widget-n-menu\" data-id=\"2761b25\" data-element_type=\"widget\" data-e-type=\"widget\" data-settings=\"{&quot;menu_items&quot;:[{&quot;item_title&quot;:&quot;todos&quot;,&quot;_id&quot;:&quot;9907deb&quot;,&quot;item_link&quot;:{&quot;url&quot;:&quot;https:\\\/\\\/ascend.pt\\\/blog\\\/&quot;,&quot;is_external&quot;:&quot;&quot;,&quot;nofollow&quot;:&quot;&quot;,&quot;custom_attributes&quot;:&quot;&quot;},&quot;item_dropdown_content&quot;:&quot;no&quot;,&quot;item_icon&quot;:{&quot;value&quot;:&quot;&quot;,&quot;library&quot;:&quot;&quot;},&quot;item_icon_active&quot;:null,&quot;element_id&quot;:&quot;&quot;},{&quot;item_title&quot;:&quot;ecommerce&quot;,&quot;item_link&quot;:{&quot;url&quot;:&quot;https:\\\/\\\/ascend.pt\\\/blog\\\/ecommerce\\\/&quot;,&quot;is_external&quot;:&quot;&quot;,&quot;nofollow&quot;:&quot;&quot;,&quot;custom_attributes&quot;:&quot;&quot;},&quot;_id&quot;:&quot;2b0834e&quot;,&quot;item_dropdown_content&quot;:&quot;no&quot;,&quot;item_icon&quot;:{&quot;value&quot;:&quot;&quot;,&quot;library&quot;:&quot;&quot;},&quot;item_icon_active&quot;:null,&quot;element_id&quot;:&quot;&quot;},{&quot;item_title&quot;:&quot;marketing digital&quot;,&quot;_id&quot;:&quot;a9ea321&quot;,&quot;item_link&quot;:{&quot;url&quot;:&quot;https:\\\/\\\/ascend.pt\\\/blog\\\/marketing-digital\\\/&quot;,&quot;is_external&quot;:&quot;&quot;,&quot;nofollow&quot;:&quot;&quot;,&quot;custom_attributes&quot;:&quot;&quot;},&quot;item_dropdown_content&quot;:&quot;no&quot;,&quot;item_icon&quot;:{&quot;value&quot;:&quot;&quot;,&quot;library&quot;:&quot;&quot;},&quot;item_icon_active&quot;:null,&quot;element_id&quot;:&quot;&quot;},{&quot;item_title&quot;:&quot;branding&quot;,&quot;_id&quot;:&quot;f0100b3&quot;,&quot;item_link&quot;:{&quot;url&quot;:&quot;https:\\\/\\\/ascend.pt\\\/blog\\\/branding\\\/&quot;,&quot;is_external&quot;:&quot;&quot;,&quot;nofollow&quot;:&quot;&quot;,&quot;custom_attributes&quot;:&quot;&quot;},&quot;item_dropdown_content&quot;:&quot;no&quot;,&quot;item_icon&quot;:{&quot;value&quot;:&quot;&quot;,&quot;library&quot;:&quot;&quot;},&quot;item_icon_active&quot;:null,&quot;element_id&quot;:&quot;&quot;},{&quot;_id&quot;:&quot;e32a7bc&quot;,&quot;item_title&quot;:&quot;google ads&quot;,&quot;item_link&quot;:{&quot;url&quot;:&quot;https:\\\/\\\/ascend.pt\\\/blog\\\/google-ads\\\/&quot;,&quot;is_external&quot;:&quot;&quot;,&quot;nofollow&quot;:&quot;&quot;,&quot;custom_attributes&quot;:&quot;&quot;},&quot;item_dropdown_content&quot;:&quot;no&quot;,&quot;item_icon&quot;:{&quot;value&quot;:&quot;&quot;,&quot;library&quot;:&quot;&quot;},&quot;item_icon_active&quot;:null,&quot;element_id&quot;:&quot;&quot;}],&quot;item_position_horizontal&quot;:&quot;end&quot;,&quot;content_width&quot;:&quot;full_width&quot;,&quot;item_layout&quot;:&quot;horizontal&quot;,&quot;open_on&quot;:&quot;hover&quot;,&quot;horizontal_scroll&quot;:&quot;disable&quot;,&quot;breakpoint_selector&quot;:&quot;tablet&quot;,&quot;menu_item_title_distance_from_content&quot;:{&quot;unit&quot;:&quot;px&quot;,&quot;size&quot;:0,&quot;sizes&quot;:[]},&quot;menu_item_title_distance_from_content_tablet&quot;:{&quot;unit&quot;:&quot;px&quot;,&quot;size&quot;:&quot;&quot;,&quot;sizes&quot;:[]},&quot;menu_item_title_distance_from_content_mobile&quot;:{&quot;unit&quot;:&quot;px&quot;,&quot;size&quot;:&quot;&quot;,&quot;sizes&quot;:[]}}\" data-widget_type=\"mega-menu.default\">\n\t\t\t\t\t\t\t<nav class=\"e-n-menu\" data-widget-number=\"412\" aria-label=\"Menu\">\n\t\t\t\t\t<button class=\"e-n-menu-toggle\" id=\"menu-toggle-412\" aria-haspopup=\"true\" aria-expanded=\"false\" aria-controls=\"menubar-412\" aria-label=\"Menu Toggle\">\n\t\t\t<span class=\"e-n-menu-toggle-icon e-open\">\n\t\t\t\t<svg class=\"e-font-icon-svg e-eicon-menu-bar\" viewBox=\"0 0 1000 1000\" xmlns=\"http:\/\/www.w3.org\/2000\/svg\"><path d=\"M104 333H896C929 333 958 304 958 271S929 208 896 208H104C71 208 42 237 42 271S71 333 104 333ZM104 583H896C929 583 958 554 958 521S929 458 896 458H104C71 458 42 487 42 521S71 583 104 583ZM104 833H896C929 833 958 804 958 771S929 708 896 708H104C71 708 42 737 42 771S71 833 104 833Z\"><\/path><\/svg>\t\t\t<\/span>\n\t\t\t<span class=\"e-n-menu-toggle-icon e-close\">\n\t\t\t\t<svg class=\"e-font-icon-svg e-eicon-close\" viewBox=\"0 0 1000 1000\" xmlns=\"http:\/\/www.w3.org\/2000\/svg\"><path d=\"M742 167L500 408 258 167C246 154 233 150 217 150 196 150 179 158 167 167 154 179 150 196 150 212 150 229 154 242 171 254L408 500 167 742C138 771 138 800 167 829 196 858 225 858 254 829L496 587 738 829C750 842 767 846 783 846 800 846 817 842 829 829 842 817 846 804 846 783 846 767 842 750 829 737L588 500 833 258C863 229 863 200 833 171 804 137 775 137 742 167Z\"><\/path><\/svg>\t\t\t<\/span>\n\t\t<\/button>\n\t\t\t\t\t<div class=\"e-n-menu-wrapper\" id=\"menubar-412\" aria-labelledby=\"menu-toggle-412\">\n\t\t\t\t<ul class=\"e-n-menu-heading\">\n\t\t\t\t\t\t\t\t<li class=\"e-n-menu-item\">\n\t\t\t\t<div id=\"e-n-menu-title-4121\" class=\"e-n-menu-title\">\n\t\t\t\t\t<a class=\"e-n-menu-title-container e-focus e-link\" href=\"https:\/\/ascend.pt\/blog\/\">\t\t\t\t\t\t\t\t\t\t\t\t<span class=\"e-n-menu-title-text\">\n\t\t\t\t\t\t\ttodos\t\t\t\t\t\t<\/span>\n\t\t\t\t\t<\/a>\t\t\t\t\t\t\t\t\t<\/div>\n\t\t\t\t\t\t\t<\/li>\n\t\t\t\t\t<li class=\"e-n-menu-item\">\n\t\t\t\t<div id=\"e-n-menu-title-4122\" class=\"e-n-menu-title\">\n\t\t\t\t\t<a class=\"e-n-menu-title-container e-focus e-link\" href=\"https:\/\/ascend.pt\/blog\/ecommerce\/\">\t\t\t\t\t\t\t\t\t\t\t\t<span class=\"e-n-menu-title-text\">\n\t\t\t\t\t\t\tecommerce\t\t\t\t\t\t<\/span>\n\t\t\t\t\t<\/a>\t\t\t\t\t\t\t\t\t<\/div>\n\t\t\t\t\t\t\t<\/li>\n\t\t\t\t\t<li class=\"e-n-menu-item\">\n\t\t\t\t<div id=\"e-n-menu-title-4123\" class=\"e-n-menu-title\">\n\t\t\t\t\t<a class=\"e-n-menu-title-container e-focus e-link\" href=\"https:\/\/ascend.pt\/blog\/marketing-digital\/\">\t\t\t\t\t\t\t\t\t\t\t\t<span class=\"e-n-menu-title-text\">\n\t\t\t\t\t\t\tmarketing digital\t\t\t\t\t\t<\/span>\n\t\t\t\t\t<\/a>\t\t\t\t\t\t\t\t\t<\/div>\n\t\t\t\t\t\t\t<\/li>\n\t\t\t\t\t<li class=\"e-n-menu-item\">\n\t\t\t\t<div id=\"e-n-menu-title-4124\" class=\"e-n-menu-title\">\n\t\t\t\t\t<a class=\"e-n-menu-title-container e-focus e-link\" href=\"https:\/\/ascend.pt\/blog\/branding\/\">\t\t\t\t\t\t\t\t\t\t\t\t<span class=\"e-n-menu-title-text\">\n\t\t\t\t\t\t\tbranding\t\t\t\t\t\t<\/span>\n\t\t\t\t\t<\/a>\t\t\t\t\t\t\t\t\t<\/div>\n\t\t\t\t\t\t\t<\/li>\n\t\t\t\t\t<li class=\"e-n-menu-item\">\n\t\t\t\t<div id=\"e-n-menu-title-4125\" class=\"e-n-menu-title\">\n\t\t\t\t\t<a class=\"e-n-menu-title-container e-focus e-link\" href=\"https:\/\/ascend.pt\/blog\/google-ads\/\">\t\t\t\t\t\t\t\t\t\t\t\t<span class=\"e-n-menu-title-text\">\n\t\t\t\t\t\t\tgoogle ads\t\t\t\t\t\t<\/span>\n\t\t\t\t\t<\/a>\t\t\t\t\t\t\t\t\t<\/div>\n\t\t\t\t\t\t\t<\/li>\n\t\t\t\t\t\t<\/ul>\n\t\t\t<\/div>\n\t\t<\/nav>\n\t\t\t\t\t\t<\/div>\n\t\t\t\t<div class=\"elementor-element elementor-element-001832d elementor-grid-3 elementor-grid-tablet-2 elementor-grid-mobile-1 elementor-posts--thumbnail-top elementor-widget elementor-widget-posts\" data-id=\"001832d\" data-element_type=\"widget\" data-e-type=\"widget\" data-settings=\"{&quot;pagination_type&quot;:&quot;load_more_infinite_scroll&quot;,&quot;classic_columns&quot;:&quot;3&quot;,&quot;classic_columns_tablet&quot;:&quot;2&quot;,&quot;classic_columns_mobile&quot;:&quot;1&quot;,&quot;classic_row_gap&quot;:{&quot;unit&quot;:&quot;px&quot;,&quot;size&quot;:35,&quot;sizes&quot;:[]},&quot;classic_row_gap_tablet&quot;:{&quot;unit&quot;:&quot;px&quot;,&quot;size&quot;:&quot;&quot;,&quot;sizes&quot;:[]},&quot;classic_row_gap_mobile&quot;:{&quot;unit&quot;:&quot;px&quot;,&quot;size&quot;:&quot;&quot;,&quot;sizes&quot;:[]},&quot;load_more_spinner&quot;:{&quot;value&quot;:&quot;fas fa-spinner&quot;,&quot;library&quot;:&quot;fa-solid&quot;}}\" data-widget_type=\"posts.classic\">\n\t\t\t\t<div class=\"elementor-widget-container\">\n\t\t\t\t\t\t\t<div class=\"elementor-posts-container elementor-posts elementor-posts--skin-classic elementor-grid\" role=\"list\">\n\t\t\t\t<article class=\"elementor-post elementor-grid-item post-3098 post type-post status-publish format-standard has-post-thumbnail hentry category-google-ads\" role=\"listitem\">\n\t\t\t\t<a class=\"elementor-post__thumbnail__link\" href=\"https:\/\/ascend.pt\/en\/quanto-custa-google-ads-2026\/\" tabindex=\"-1\">\n\t\t\t<div class=\"elementor-post__thumbnail\"><img fetchpriority=\"high\" decoding=\"async\" width=\"697\" height=\"386\" src=\"https:\/\/ascend.pt\/wp-content\/uploads\/2026\/04\/quanto-custa-ads.webp\" class=\"attachment-full size-full wp-image-3148\" alt=\"\" title=\"\" srcset=\"https:\/\/ascend.pt\/wp-content\/uploads\/2026\/04\/quanto-custa-ads.webp 697w, https:\/\/ascend.pt\/wp-content\/uploads\/2026\/04\/quanto-custa-ads-300x166.webp 300w, https:\/\/ascend.pt\/wp-content\/uploads\/2026\/04\/quanto-custa-ads-18x10.webp 18w\" sizes=\"(max-width: 697px) 100vw, 697px\" \/><\/div>\n\t\t<\/a>\n\t\t\t\t<div class=\"elementor-post__text\">\n\t\t\t\t<h2 class=\"elementor-post__title\">\n\t\t\t<a href=\"https:\/\/ascend.pt\/en\/quanto-custa-google-ads-2026\/\">\n\t\t\t\tQuanto custa uma campanha de Google Ads em 2026\t\t\t<\/a>\n\t\t<\/h2>\n\t\t\t\t<div class=\"elementor-post__meta-data\">\n\t\t\t\t\t<span class=\"elementor-post-date\">\n\t\t\t06.03.2026\t\t<\/span>\n\t\t\t\t<\/div>\n\t\t\t\t<div class=\"elementor-post__excerpt\">\n\t\t\t<p>Quem procura \u201cquanto custa uma campanha Google Ads\u201d costuma estar em dois cen\u00e1rios. Um \u00e9 come\u00e7ar com Google Ads e estimar o or\u00e7amento. O outro \u00e9 avaliar propostas de ag\u00eancias<\/p>\n\t\t<\/div>\n\t\t\n\t\t<a class=\"elementor-post__read-more\" href=\"https:\/\/ascend.pt\/en\/quanto-custa-google-ads-2026\/\" aria-label=\"Read more about Quanto custa uma campanha de Google Ads em 2026\" tabindex=\"-1\">\n\t\t\tLer mais\t\t<\/a>\n\n\t\t\t\t<\/div>\n\t\t\t\t<\/article>\n\t\t\t\t<article class=\"elementor-post elementor-grid-item post-3095 post type-post status-publish format-standard has-post-thumbnail hentry category-google-ads\" role=\"listitem\">\n\t\t\t\t<a class=\"elementor-post__thumbnail__link\" href=\"https:\/\/ascend.pt\/en\/google-ads-industria-b2b-campanhas-genericas\/\" tabindex=\"-1\">\n\t\t\t<div class=\"elementor-post__thumbnail\"><img decoding=\"async\" width=\"697\" height=\"386\" src=\"data:image\/svg+xml;charset=utf-8,%3Csvg xmlns%3D&#039;http%3A%2F%2Fwww.w3.org%2F2000%2Fsvg&#039; viewBox%3D&#039;0 0 697 386&#039;%2F%3E\" class=\"attachment-full size-full wp-image-3135 ld-lazyload\" alt=\"\" data-src=\"https:\/\/ascend.pt\/wp-content\/uploads\/2026\/04\/ads-b2b.png\" data-srcset=\"https:\/\/ascend.pt\/wp-content\/uploads\/2026\/04\/ads-b2b.png 697w, https:\/\/ascend.pt\/wp-content\/uploads\/2026\/04\/ads-b2b-300x166.png 300w, https:\/\/ascend.pt\/wp-content\/uploads\/2026\/04\/ads-b2b-18x10.png 18w\" data-sizes=\"(max-width: 697px) 100vw, 697px\" data-aspect=\"1.8056994818653\" title=\"\"><\/div>\n\t\t<\/a>\n\t\t\t\t<div class=\"elementor-post__text\">\n\t\t\t\t<h2 class=\"elementor-post__title\">\n\t\t\t<a href=\"https:\/\/ascend.pt\/en\/google-ads-industria-b2b-campanhas-genericas\/\">\n\t\t\t\tGoogle Ads para ind\u00fastria B2B: porque as campanhas gen\u00e9ricas n\u00e3o convertem\t\t\t<\/a>\n\t\t<\/h2>\n\t\t\t\t<div class=\"elementor-post__meta-data\">\n\t\t\t\t\t<span class=\"elementor-post-date\">\n\t\t\t10.12.2025\t\t<\/span>\n\t\t\t\t<\/div>\n\t\t\t\t<div class=\"elementor-post__excerpt\">\n\t\t\t<p>A experi\u00eancia \u00e9 frequente: uma empresa industrial investe em Google Ads, arranca a campanha com expectativa, recebe cliques durante algumas semanas, e depois observa que os contactos que chegam s\u00e3o<\/p>\n\t\t<\/div>\n\t\t\n\t\t<a class=\"elementor-post__read-more\" href=\"https:\/\/ascend.pt\/en\/google-ads-industria-b2b-campanhas-genericas\/\" aria-label=\"Read more about Google Ads para ind\u00fastria B2B: porque as campanhas gen\u00e9ricas n\u00e3o convertem\" tabindex=\"-1\">\n\t\t\tLer mais\t\t<\/a>\n\n\t\t\t\t<\/div>\n\t\t\t\t<\/article>\n\t\t\t\t<article class=\"elementor-post elementor-grid-item post-2955 post type-post status-publish format-standard has-post-thumbnail hentry category-google-ads\" role=\"listitem\">\n\t\t\t\t<a class=\"elementor-post__thumbnail__link\" href=\"https:\/\/ascend.pt\/en\/google-ads-para-pmes-7-erros-que-custam-caro\/\" tabindex=\"-1\">\n\t\t\t<div class=\"elementor-post__thumbnail\"><img decoding=\"async\" width=\"698\" height=\"386\" src=\"data:image\/svg+xml;charset=utf-8,%3Csvg xmlns%3D&#039;http%3A%2F%2Fwww.w3.org%2F2000%2Fsvg&#039; viewBox%3D&#039;0 0 698 386&#039;%2F%3E\" class=\"attachment-full size-full wp-image-2981 ld-lazyload\" alt=\"google ads para PME\" data-src=\"https:\/\/ascend.pt\/wp-content\/uploads\/2025\/09\/google-ads-para-pme.webp\" data-srcset=\"https:\/\/ascend.pt\/wp-content\/uploads\/2025\/09\/google-ads-para-pme.webp 698w, https:\/\/ascend.pt\/wp-content\/uploads\/2025\/09\/google-ads-para-pme-300x166.webp 300w, https:\/\/ascend.pt\/wp-content\/uploads\/2025\/09\/google-ads-para-pme-18x10.webp 18w\" data-sizes=\"(max-width: 698px) 100vw, 698px\" data-aspect=\"1.8082901554404\" title=\"\"><\/div>\n\t\t<\/a>\n\t\t\t\t<div class=\"elementor-post__text\">\n\t\t\t\t<h2 class=\"elementor-post__title\">\n\t\t\t<a href=\"https:\/\/ascend.pt\/en\/google-ads-para-pmes-7-erros-que-custam-caro\/\">\n\t\t\t\tGoogle Ads para PMEs: 7 Erros que Custam Caro\t\t\t<\/a>\n\t\t<\/h2>\n\t\t\t\t<div class=\"elementor-post__meta-data\">\n\t\t\t\t\t<span class=\"elementor-post-date\">\n\t\t\t20.09.2025\t\t<\/span>\n\t\t\t\t<\/div>\n\t\t\t\t<div class=\"elementor-post__excerpt\">\n\t\t\t<p>O Google Ads transformou-se numa ferramenta indispens\u00e1vel para pequenas e m\u00e9dias empresas portuguesas que procuram crescer no ambiente digital. Com 40% das PMEs portuguesas a investir menos de 1% em<\/p>\n\t\t<\/div>\n\t\t\n\t\t<a class=\"elementor-post__read-more\" href=\"https:\/\/ascend.pt\/en\/google-ads-para-pmes-7-erros-que-custam-caro\/\" aria-label=\"Read more about Google Ads para PMEs: 7 Erros que Custam Caro\" tabindex=\"-1\">\n\t\t\tLer mais\t\t<\/a>\n\n\t\t\t\t<\/div>\n\t\t\t\t<\/article>\n\t\t\t\t<article class=\"elementor-post elementor-grid-item post-2960 post type-post status-publish format-standard has-post-thumbnail hentry category-google-ads\" role=\"listitem\">\n\t\t\t\t<a class=\"elementor-post__thumbnail__link\" href=\"https:\/\/ascend.pt\/en\/marketplaces-em-portugal-guia-para-vender-mais\/\" tabindex=\"-1\">\n\t\t\t<div class=\"elementor-post__thumbnail\"><img loading=\"lazy\" decoding=\"async\" width=\"697\" height=\"386\" src=\"data:image\/svg+xml;charset=utf-8,%3Csvg xmlns%3D&#039;http%3A%2F%2Fwww.w3.org%2F2000%2Fsvg&#039; viewBox%3D&#039;0 0 697 386&#039;%2F%3E\" class=\"attachment-full size-full wp-image-2977 ld-lazyload\" alt=\"\" data-src=\"https:\/\/ascend.pt\/wp-content\/uploads\/2025\/09\/marketplaces-em-portugal.webp\" data-srcset=\"https:\/\/ascend.pt\/wp-content\/uploads\/2025\/09\/marketplaces-em-portugal.webp 697w, https:\/\/ascend.pt\/wp-content\/uploads\/2025\/09\/marketplaces-em-portugal-300x166.webp 300w, https:\/\/ascend.pt\/wp-content\/uploads\/2025\/09\/marketplaces-em-portugal-18x10.webp 18w\" data-sizes=\"(max-width: 697px) 100vw, 697px\" data-aspect=\"1.8056994818653\" title=\"\"><\/div>\n\t\t<\/a>\n\t\t\t\t<div class=\"elementor-post__text\">\n\t\t\t\t<h2 class=\"elementor-post__title\">\n\t\t\t<a href=\"https:\/\/ascend.pt\/en\/marketplaces-em-portugal-guia-para-vender-mais\/\">\n\t\t\t\tMarketplaces em Portugal: Guia para vender mais\t\t\t<\/a>\n\t\t<\/h2>\n\t\t\t\t<div class=\"elementor-post__meta-data\">\n\t\t\t\t\t<span class=\"elementor-post-date\">\n\t\t\t11.09.2025\t\t<\/span>\n\t\t\t\t<\/div>\n\t\t\t\t<div class=\"elementor-post__excerpt\">\n\t\t\t<p>O ecossistema de marketplaces em Portugal atravessa uma transforma\u00e7\u00e3o sem precedentes, com plataformas asi\u00e1ticas a disputar lideran\u00e7a com gigantes estabelecidos e novas oportunidades a surgir diariamente para pequenas e m\u00e9dias<\/p>\n\t\t<\/div>\n\t\t\n\t\t<a class=\"elementor-post__read-more\" href=\"https:\/\/ascend.pt\/en\/marketplaces-em-portugal-guia-para-vender-mais\/\" aria-label=\"Read more about Marketplaces em Portugal: Guia para vender mais\" tabindex=\"-1\">\n\t\t\tLer mais\t\t<\/a>\n\n\t\t\t\t<\/div>\n\t\t\t\t<\/article>\n\t\t\t\t<article class=\"elementor-post elementor-grid-item post-2530 post type-post status-publish format-standard has-post-thumbnail hentry category-google-ads\" role=\"listitem\">\n\t\t\t\t<a class=\"elementor-post__thumbnail__link\" href=\"https:\/\/ascend.pt\/en\/seo-e-sea-o-que-sao-e-como-contribuem-para-a-sua-marca\/\" tabindex=\"-1\">\n\t\t\t<div class=\"elementor-post__thumbnail\"><img loading=\"lazy\" decoding=\"async\" width=\"1393\" height=\"771\" src=\"data:image\/svg+xml;charset=utf-8,%3Csvg xmlns%3D&#039;http%3A%2F%2Fwww.w3.org%2F2000%2Fsvg&#039; viewBox%3D&#039;0 0 1393 771&#039;%2F%3E\" class=\"attachment-full size-full wp-image-2797 ld-lazyload\" alt=\"SEO e SEA, SEO, SEA, ecommerce\" data-src=\"https:\/\/ascend.pt\/wp-content\/uploads\/2025\/02\/ecommerce-seo-e-sea.webp\" data-srcset=\"https:\/\/ascend.pt\/wp-content\/uploads\/2025\/02\/ecommerce-seo-e-sea.webp 1393w, https:\/\/ascend.pt\/wp-content\/uploads\/2025\/02\/ecommerce-seo-e-sea-300x166.webp 300w, https:\/\/ascend.pt\/wp-content\/uploads\/2025\/02\/ecommerce-seo-e-sea-1024x567.webp 1024w, https:\/\/ascend.pt\/wp-content\/uploads\/2025\/02\/ecommerce-seo-e-sea-18x10.webp 18w, https:\/\/ascend.pt\/wp-content\/uploads\/2025\/02\/ecommerce-seo-e-sea-720x400.webp 720w\" data-sizes=\"(max-width: 1393px) 100vw, 1393px\" data-aspect=\"1.8067444876783\" title=\"\"><\/div>\n\t\t<\/a>\n\t\t\t\t<div class=\"elementor-post__text\">\n\t\t\t\t<h2 class=\"elementor-post__title\">\n\t\t\t<a href=\"https:\/\/ascend.pt\/en\/seo-e-sea-o-que-sao-e-como-contribuem-para-a-sua-marca\/\">\n\t\t\t\tSEO e SEA: O que s\u00e3o e como contribuem para a sua marca?\t\t\t<\/a>\n\t\t<\/h2>\n\t\t\t\t<div class=\"elementor-post__meta-data\">\n\t\t\t\t\t<span class=\"elementor-post-date\">\n\t\t\t12.02.2025\t\t<\/span>\n\t\t\t\t<\/div>\n\t\t\t\t<div class=\"elementor-post__excerpt\">\n\t\t\t<p>O marketing digital est\u00e1 em constante evolu\u00e7\u00e3o e a otimiza\u00e7\u00e3o do seu conte\u00fado para os mecanismos de pesquisa (SEO) assim como da publicidade nestas plataformas (SEA) tornaram-se componentes essenciais das<\/p>\n\t\t<\/div>\n\t\t\n\t\t<a class=\"elementor-post__read-more\" href=\"https:\/\/ascend.pt\/en\/seo-e-sea-o-que-sao-e-como-contribuem-para-a-sua-marca\/\" aria-label=\"Read more about SEO e SEA: O que s\u00e3o e como contribuem para a sua marca?\" tabindex=\"-1\">\n\t\t\tLer mais\t\t<\/a>\n\n\t\t\t\t<\/div>\n\t\t\t\t<\/article>\n\t\t\t\t<\/div>\n\t\t\t\t\t<span class=\"e-load-more-spinner\">\n\t\t\t\t<svg aria-hidden=\"true\" class=\"e-font-icon-svg e-fas-spinner\" viewBox=\"0 0 512 512\" xmlns=\"http:\/\/www.w3.org\/2000\/svg\"><path d=\"M304 48c0 26.51-21.49 48-48 48s-48-21.49-48-48 21.49-48 48-48 48 21.49 48 48zm-48 368c-26.51 0-48 21.49-48 48s21.49 48 48 48 48-21.49 48-48-21.49-48-48-48zm208-208c-26.51 0-48 21.49-48 48s21.49 48 48 48 48-21.49 48-48-21.49-48-48-48zM96 256c0-26.51-21.49-48-48-48S0 229.49 0 256s21.49 48 48 48 48-21.49 48-48zm12.922 99.078c-26.51 0-48 21.49-48 48s21.49 48 48 48 48-21.49 48-48c0-26.509-21.491-48-48-48zm294.156 0c-26.51 0-48 21.49-48 48s21.49 48 48 48 48-21.49 48-48c0-26.509-21.49-48-48-48zM108.922 60.922c-26.51 0-48 21.49-48 48s21.49 48 48 48 48-21.49 48-48-21.491-48-48-48z\"><\/path><\/svg>\t\t\t<\/span>\n\t\t\n\t\t\t\t\t\t<\/div>\n\t\t\t\t<\/div>\n\t\t\t\t\t<\/div>\n\t\t\t\t<\/div>\n\t\t\t\t<\/div>\n\t\t","protected":false},"excerpt":{"rendered":"<p>\/ biblioteca blog google ads todos ecommerce marketing digital branding google ads<\/p>","protected":false},"author":1,"featured_media":0,"parent":1083,"menu_order":0,"comment_status":"closed","ping_status":"closed","template":"","meta":{"footnotes":""},"class_list":["post-2704","page","type-page","status-publish","hentry"],"_links":{"self":[{"href":"https:\/\/ascend.pt\/en\/wp-json\/wp\/v2\/pages\/2704","targetHints":{"allow":["GET"]}}],"collection":[{"href":"https:\/\/ascend.pt\/en\/wp-json\/wp\/v2\/pages"}],"about":[{"href":"https:\/\/ascend.pt\/en\/wp-json\/wp\/v2\/types\/page"}],"author":[{"embeddable":true,"href":"https:\/\/ascend.pt\/en\/wp-json\/wp\/v2\/users\/1"}],"replies":[{"embeddable":true,"href":"https:\/\/ascend.pt\/en\/wp-json\/wp\/v2\/comments?post=2704"}],"version-history":[{"count":10,"href":"https:\/\/ascend.pt\/en\/wp-json\/wp\/v2\/pages\/2704\/revisions"}],"predecessor-version":[{"id":3159,"href":"https:\/\/ascend.pt\/en\/wp-json\/wp\/v2\/pages\/2704\/revisions\/3159"}],"up":[{"embeddable":true,"href":"https:\/\/ascend.pt\/en\/wp-json\/wp\/v2\/pages\/1083"}],"wp:attachment":[{"href":"https:\/\/ascend.pt\/en\/wp-json\/wp\/v2\/media?parent=2704"}],"curies":[{"name":"wp","href":"https:\/\/api.w.org\/{rel}","templated":true}]}}