{"id":1420,"date":"2025-07-22T17:10:52","date_gmt":"2025-07-22T17:10:52","guid":{"rendered":"https:\/\/ascend.pt\/?page_id=1420"},"modified":"2026-01-01T16:29:26","modified_gmt":"2026-01-01T16:29:26","slug":"who-we-are","status":"publish","type":"page","link":"https:\/\/ascend.pt\/en\/quem-somos\/","title":{"rendered":"who we are"},"content":{"rendered":"\t\t<div data-elementor-type=\"wp-page\" data-elementor-id=\"1420\" class=\"elementor elementor-1420\" data-elementor-post-type=\"page\">\n\t\t\t\t<div class=\"elementor-element elementor-element-4801a1d e-flex e-con-boxed e-con e-parent\" data-id=\"4801a1d\" data-element_type=\"container\" data-e-type=\"container\" data-settings=\"{&quot;background_background&quot;:&quot;classic&quot;}\">\n\t\t\t\t\t<div class=\"e-con-inner\">\n\t\t\t\t<div class=\"elementor-element elementor-element-1fddbd7 elementor-widget__width-initial elementor-hidden-desktop elementor-hidden-tablet elementor-hidden-mobile elementor-widget elementor-widget-text-editor\" data-id=\"1fddbd7\" data-element_type=\"widget\" data-e-type=\"widget\" data-widget_type=\"text-editor.default\">\n\t\t\t\t\t\t\t\t\t<p class=\"whitespace-normal break-words\">A <strong data-start=\"1889\" data-end=\"1899\">Ascend<\/strong> \u00e9 uma ag\u00eancia de marketing digital em Portugal, especializada em <strong data-start=\"1965\" data-end=\"2019\">Google Ads, performance digital e gera\u00e7\u00e3o de leads<\/strong>, com foco em resultados mensur\u00e1veis para empresas B2B, servi\u00e7os profissionais e projetos de e-commerce.<\/p>\t\t\t\t\t\t\t\t<\/div>\n\t\t\t\t\t<\/div>\n\t\t\t\t<\/div>\n\t\t<div class=\"elementor-element elementor-element-ddfc3aa e-flex e-con-boxed e-con e-parent\" data-id=\"ddfc3aa\" data-element_type=\"container\" data-e-type=\"container\" data-settings=\"{&quot;background_background&quot;:&quot;classic&quot;}\">\n\t\t\t\t\t<div class=\"e-con-inner\">\n\t\t<div data-custom-animations=\"true\" data-ca-options=\"{&quot;addChildTimelines&quot;:false,&quot;trigger&quot;:&quot;firstChild&quot;,&quot;animationTarget&quot;:&quot;:scope  &gt; .e-con&quot;,&quot;duration&quot;:2500,&quot;delay&quot;:200,&quot;ease&quot;:[&quot;power4.out&quot;],&quot;initValues&quot;:{&quot;x&quot;:&quot;-500px&quot;,&quot;transformOrigin&quot;:&quot;50% 50% 0px&quot;},&quot;animations&quot;:{&quot;x&quot;:&quot;0px&quot;,&quot;transformOrigin&quot;:&quot;50% 50% 0px&quot;}}\" class=\"elementor-element elementor-element-ee0d3ad e-con-full e-flex e-con e-child\" data-id=\"ee0d3ad\" data-element_type=\"container\" data-e-type=\"container\">\n\t\t<div class=\"elementor-element elementor-element-d1833d4 e-con-full e-flex e-con e-child\" data-id=\"d1833d4\" data-element_type=\"container\" data-e-type=\"container\" data-settings=\"{&quot;background_background&quot;:&quot;gradient&quot;}\">\n\t\t\t\t<div class=\"elementor-element elementor-element-64a8441 elementor-widget__width-initial elementor-widget elementor-widget-text-editor\" data-id=\"64a8441\" data-element_type=\"widget\" data-e-type=\"widget\" data-widget_type=\"text-editor.default\">\n\t\t\t\t\t\t\t\t\t<p class=\"whitespace-normal break-words\">marketing digital <em>sem fronteiras<\/em><\/p>\t\t\t\t\t\t\t\t<\/div>\n\t\t\t\t<div class=\"elementor-element elementor-element-231e629 elementor-widget__width-initial elementor-hidden-desktop elementor-hidden-tablet elementor-hidden-mobile elementor-widget elementor-widget-heading\" data-id=\"231e629\" data-element_type=\"widget\" data-e-type=\"widget\" data-widget_type=\"heading.default\">\n\t\t\t\t\t<h1 class=\"elementor-heading-title elementor-size-default\">Ascend marketing solutions<\/h1>\t\t\t\t<\/div>\n\t\t\t\t<\/div>\n\t\t<div class=\"elementor-element elementor-element-f15a61a e-con-full e-flex e-con e-child\" data-id=\"f15a61a\" data-element_type=\"container\" data-e-type=\"container\">\n\t\t\t\t<div class=\"elementor-element elementor-element-6ec1b95 elementor-widget__width-initial elementor-widget elementor-widget-text-editor\" data-id=\"6ec1b95\" data-element_type=\"widget\" data-e-type=\"widget\" data-widget_type=\"text-editor.default\">\n\t\t\t\t\t\t\t\t\t<p class=\"whitespace-normal break-words\">Do Rio de Janeiro a S\u00e3o Paulo, de Lisboa ao Porto, de Paris a Bruxelas, h\u00e1 mais de 5 anos que criamos <strong>conex\u00f5es digitais que geram resultados<\/strong>.<\/p><p class=\"whitespace-normal break-words\">Esta experi\u00eancia internacional traduz-se em vantagem competitiva para os nossos clientes. Compreendemos que o sucesso digital n\u00e3o se replica, ajusta-se \u00e0 realidade de cada mercado.\u00a0<\/p><p class=\"whitespace-normal break-words\">Cada projeto beneficia desta <strong>perspetiva global<\/strong> sem perder a <strong>sensibilidade local<\/strong>. Conhecemos os m\u00e9todos de pagamento preferidos em cada pa\u00eds, as expectativas de servi\u00e7o de cada cultura, as nuances de comunica\u00e7\u00e3o de cada mercado.<\/p>\t\t\t\t\t\t\t\t<\/div>\n\t\t\t\t<\/div>\n\t\t\t\t<\/div>\n\t\t\t\t\t<\/div>\n\t\t\t\t<\/div>\n\t\t<div class=\"elementor-element elementor-element-789eedc e-con-full elementor-hidden-tablet elementor-hidden-mobile e-flex e-con e-parent\" data-id=\"789eedc\" data-element_type=\"container\" data-e-type=\"container\" data-settings=\"{&quot;background_background&quot;:&quot;classic&quot;}\">\n\t\t\t\t<div class=\"elementor-element elementor-element-8fe2c88 elementor-widget elementor-widget-image\" data-id=\"8fe2c88\" data-element_type=\"widget\" data-e-type=\"widget\" data-widget_type=\"image.default\">\n\t\t\t\t\t\t\t\t\t\t\t\t\t\t\t<img fetchpriority=\"high\" decoding=\"async\" width=\"780\" height=\"428\" src=\"https:\/\/ascend.pt\/wp-content\/uploads\/2025\/07\/mapa-ascend-1024x562.webp\" class=\"attachment-large size-large wp-image-1893\" alt=\"ascend marketing solutions, ag\u00eancia de marketing digital\" srcset=\"https:\/\/ascend.pt\/wp-content\/uploads\/2025\/07\/mapa-ascend-1024x562.webp 1024w, https:\/\/ascend.pt\/wp-content\/uploads\/2025\/07\/mapa-ascend-300x165.webp 300w, https:\/\/ascend.pt\/wp-content\/uploads\/2025\/07\/mapa-ascend-18x10.webp 18w, https:\/\/ascend.pt\/wp-content\/uploads\/2025\/07\/mapa-ascend.webp 1320w\" sizes=\"(max-width: 780px) 100vw, 780px\" title=\"\">\t\t\t\t\t\t\t\t\t\t\t\t\t\t\t<\/div>\n\t\t<div data-custom-animations=\"true\" data-ca-options=\"{&quot;addChildTimelines&quot;:false,&quot;trigger&quot;:&quot;firstChild&quot;,&quot;animationTarget&quot;:&quot;:scope  &gt; .e-con&quot;,&quot;duration&quot;:2500,&quot;delay&quot;:200,&quot;ease&quot;:[&quot;power4.out&quot;],&quot;initValues&quot;:{&quot;x&quot;:&quot;-500px&quot;,&quot;transformOrigin&quot;:&quot;50% 50% 0px&quot;},&quot;animations&quot;:{&quot;x&quot;:&quot;0px&quot;,&quot;transformOrigin&quot;:&quot;50% 50% 0px&quot;}}\" class=\"elementor-element elementor-element-d8d609b e-con-full elementor-hidden-mobile e-flex e-con e-child\" data-id=\"d8d609b\" data-element_type=\"container\" data-e-type=\"container\">\n\t\t\t\t<\/div>\n\t\t\t\t<\/div>\n\t\t<div class=\"elementor-element elementor-element-7873113 e-con-full elementor-hidden-desktop e-flex e-con e-parent\" data-id=\"7873113\" data-element_type=\"container\" data-e-type=\"container\" data-settings=\"{&quot;background_background&quot;:&quot;classic&quot;}\">\n\t\t\t\t<div class=\"elementor-element elementor-element-fb1b8dc elementor-widget elementor-widget-image\" data-id=\"fb1b8dc\" data-element_type=\"widget\" data-e-type=\"widget\" data-widget_type=\"image.default\">\n\t\t\t\t\t\t\t\t\t\t\t\t\t\t\t<img decoding=\"async\" width=\"780\" height=\"428\" src=\"data:image\/svg+xml;charset=utf-8,%3Csvg xmlns%3D&#039;http%3A%2F%2Fwww.w3.org%2F2000%2Fsvg&#039; viewBox%3D&#039;0 0 1024 562&#039;%2F%3E\" class=\"attachment-large size-large wp-image-1893 ld-lazyload\" alt=\"ascend marketing solutions, ag\u00eancia de marketing digital\" data-src=\"https:\/\/ascend.pt\/wp-content\/uploads\/2025\/07\/mapa-ascend-1024x562.webp\" data-srcset=\"https:\/\/ascend.pt\/wp-content\/uploads\/2025\/07\/mapa-ascend-1024x562.webp 1024w, https:\/\/ascend.pt\/wp-content\/uploads\/2025\/07\/mapa-ascend-300x165.webp 300w, https:\/\/ascend.pt\/wp-content\/uploads\/2025\/07\/mapa-ascend-18x10.webp 18w, https:\/\/ascend.pt\/wp-content\/uploads\/2025\/07\/mapa-ascend.webp 1320w\" data-sizes=\"(max-width: 780px) 100vw, 780px\" data-aspect=\"1.8220640569395\" title=\"\">\t\t\t\t\t\t\t\t\t\t\t\t\t\t\t<\/div>\n\t\t<div data-custom-animations=\"true\" data-ca-options=\"{&quot;addChildTimelines&quot;:false,&quot;trigger&quot;:&quot;firstChild&quot;,&quot;animationTarget&quot;:&quot;:scope  &gt; .e-con&quot;,&quot;duration&quot;:2500,&quot;delay&quot;:200,&quot;ease&quot;:[&quot;power4.out&quot;],&quot;initValues&quot;:{&quot;x&quot;:&quot;-500px&quot;,&quot;transformOrigin&quot;:&quot;50% 50% 0px&quot;},&quot;animations&quot;:{&quot;x&quot;:&quot;0px&quot;,&quot;transformOrigin&quot;:&quot;50% 50% 0px&quot;}}\" class=\"elementor-element elementor-element-0886636 e-con-full elementor-hidden-mobile e-flex e-con e-child\" data-id=\"0886636\" data-element_type=\"container\" data-e-type=\"container\">\n\t\t\t\t<\/div>\n\t\t\t\t<\/div>\n\t\t<div class=\"elementor-element elementor-element-f236563 e-flex e-con-boxed e-con e-parent\" data-id=\"f236563\" data-element_type=\"container\" data-e-type=\"container\" data-settings=\"{&quot;background_background&quot;:&quot;classic&quot;}\">\n\t\t\t\t\t<div class=\"e-con-inner\">\n\t\t<div class=\"elementor-element elementor-element-30cd3b5 e-con-full e-flex e-con e-child\" data-id=\"30cd3b5\" data-element_type=\"container\" data-e-type=\"container\">\n\t\t<div class=\"elementor-element elementor-element-391b567 e-con-full e-flex e-con e-child\" data-id=\"391b567\" data-element_type=\"container\" data-e-type=\"container\">\n\t\t\t\t<div class=\"elementor-element elementor-element-4606207 elementor-widget__width-initial elementor-widget elementor-widget-text-editor\" data-id=\"4606207\" data-element_type=\"widget\" data-e-type=\"widget\" data-widget_type=\"text-editor.default\">\n\t\t\t\t\t\t\t\t\t<p class=\"whitespace-normal break-words\">o <span style=\"color: #fb4c1b;\"><em>m\u00e9todo<\/em><\/span> que guia o nosso trabalho<\/p>\t\t\t\t\t\t\t\t<\/div>\n\t\t\t\t<div class=\"elementor-element elementor-element-d941910 elementor-widget__width-initial elementor-widget elementor-widget-text-editor\" data-id=\"d941910\" data-element_type=\"widget\" data-e-type=\"widget\" data-widget_type=\"text-editor.default\">\n\t\t\t\t\t\t\t\t\t<p class=\"whitespace-normal break-words\">H\u00e1 uma raz\u00e3o pela qual algumas marcas criam conex\u00f5es profundas enquanto outras lutam por aten\u00e7\u00e3o. A diferen\u00e7a est\u00e1 em come\u00e7ar pela pergunta certa.<\/p><h3 class=\"text-lg font-bold text-text-100 mt-1 -mb-1.5\">\u00a0<\/h3>\t\t\t\t\t\t\t\t<\/div>\n\t\t\t\t<\/div>\n\t\t\t\t<\/div>\n\t\t<div data-custom-animations=\"true\" data-ca-options=\"{&quot;addChildTimelines&quot;:false,&quot;trigger&quot;:&quot;firstChild&quot;,&quot;animationTarget&quot;:&quot;:scope  &gt; .e-con&quot;,&quot;duration&quot;:2500,&quot;delay&quot;:200,&quot;ease&quot;:[&quot;power4.out&quot;],&quot;initValues&quot;:{&quot;x&quot;:&quot;-500px&quot;,&quot;transformOrigin&quot;:&quot;50% 50% 0px&quot;},&quot;animations&quot;:{&quot;x&quot;:&quot;0px&quot;,&quot;transformOrigin&quot;:&quot;50% 50% 0px&quot;}}\" class=\"elementor-element elementor-element-509d006 e-con-full e-flex e-con e-child\" data-id=\"509d006\" data-element_type=\"container\" data-e-type=\"container\">\n\t\t<div class=\"elementor-element elementor-element-550ba3b e-con-full e-flex e-con e-child\" data-id=\"550ba3b\" data-element_type=\"container\" data-e-type=\"container\">\n\t\t\t\t<div class=\"elementor-element elementor-element-c3570dd elementor-hidden-mobile elementor-widget elementor-widget-heading\" data-id=\"c3570dd\" data-element_type=\"widget\" data-e-type=\"widget\" data-widget_type=\"heading.default\">\n\t\t\t\t\t<div class=\"elementor-heading-title elementor-size-default\">\/ primeiro pergunte porqu\u00ea?<\/div>\t\t\t\t<\/div>\n\t\t\t\t<\/div>\n\t\t<div class=\"elementor-element elementor-element-0f40643 e-con-full e-flex e-con e-child\" data-id=\"0f40643\" data-element_type=\"container\" data-e-type=\"container\">\n\t\t<div class=\"elementor-element elementor-element-6096f8c e-con-full e-flex e-con e-child\" data-id=\"6096f8c\" data-element_type=\"container\" data-e-type=\"container\">\n\t\t\t\t<div class=\"elementor-element elementor-element-d1b9bf9 elementor-widget elementor-widget-heading\" data-id=\"d1b9bf9\" data-element_type=\"widget\" data-e-type=\"widget\" data-widget_type=\"heading.default\">\n\t\t\t\t\t<h3 class=\"elementor-heading-title elementor-size-default\"><a href=\"http:\/\/home\">porqu\u00ea?<\/a><\/h3>\t\t\t\t<\/div>\n\t\t\t\t<div class=\"elementor-element elementor-element-16d60fe elementor-widget__width-initial elementor-widget elementor-widget-text-editor\" data-id=\"16d60fe\" data-element_type=\"widget\" data-e-type=\"widget\" data-widget_type=\"text-editor.default\">\n\t\t\t\t\t\t\t\t\t<p>As pessoas n\u00e3o compram o que a sua marca faz, compram por que raz\u00e3o o faz (<strong>porqu\u00ea<\/strong>).<\/p><p>Todas as empresas sabem o que fazem. Algumas sabem como o fazem, mas poucas conhecem verdadeiramente o seu <strong>porqu\u00ea<\/strong>. E por \u201cporqu\u00ea\u201d n\u00e3o falamos de lucro, falamos da sua causa. No que acredita? Qual \u00e9 a raz\u00e3o de existir da sua marca? Porque algu\u00e9m deve importar-se?<\/p>\t\t\t\t\t\t\t\t<\/div>\n\t\t\t\t<\/div>\n\t\t<div class=\"elementor-element elementor-element-fd833d7 e-con-full e-flex e-con e-child\" data-id=\"fd833d7\" data-element_type=\"container\" data-e-type=\"container\">\n\t\t\t\t<div class=\"elementor-element elementor-element-da8c14b elementor-widget elementor-widget-heading\" data-id=\"da8c14b\" data-element_type=\"widget\" data-e-type=\"widget\" data-widget_type=\"heading.default\">\n\t\t\t\t\t<h3 class=\"elementor-heading-title elementor-size-default\"><a href=\"http:\/\/home\">como?<\/a><\/h3>\t\t\t\t<\/div>\n\t\t\t\t<div class=\"elementor-element elementor-element-a3502de elementor-widget__width-initial elementor-widget elementor-widget-text-editor\" data-id=\"a3502de\" data-element_type=\"widget\" data-e-type=\"widget\" data-widget_type=\"text-editor.default\">\n\t\t\t\t\t\t\t\t\t<p>Quando come\u00e7amos pelo porqu\u00ea, o como torna-se a <strong>manifesta\u00e7\u00e3o dos nossos valores<\/strong>. S\u00e3o as a\u00e7\u00f5es concretas que colocamos em pr\u00e1tica para realizar o nosso porqu\u00ea. S\u00e3o os princ\u00edpios e os processos que nos orientam.<\/p><p>\u00a0<\/p><p>Se o porqu\u00ea \u00e9 a cren\u00e7a, o <strong>como<\/strong> s\u00e3o os<strong>\u00a0valores<\/strong> em a\u00e7\u00e3o\u00a0que lhe d\u00e3o vida.<\/p>\t\t\t\t\t\t\t\t<\/div>\n\t\t\t\t<\/div>\n\t\t<div class=\"elementor-element elementor-element-5cc18f7 e-con-full e-flex e-con e-child\" data-id=\"5cc18f7\" data-element_type=\"container\" data-e-type=\"container\">\n\t\t\t\t<div class=\"elementor-element elementor-element-4c07b3a elementor-widget elementor-widget-heading\" data-id=\"4c07b3a\" data-element_type=\"widget\" data-e-type=\"widget\" data-widget_type=\"heading.default\">\n\t\t\t\t\t<h3 class=\"elementor-heading-title elementor-size-default\"><a href=\"http:\/\/home\">o qu\u00ea?<\/a><\/h3>\t\t\t\t<\/div>\n\t\t\t\t<div class=\"elementor-element elementor-element-6c05a7f elementor-widget__width-initial elementor-widget elementor-widget-text-editor\" data-id=\"6c05a7f\" data-element_type=\"widget\" data-e-type=\"widget\" data-widget_type=\"text-editor.default\">\n\t\t\t\t\t\t\t\t\t<p class=\"whitespace-normal break-words\">O qu\u00ea s\u00e3o simplesmente os\u00a0resultados tang\u00edveis\u00a0do <strong>porqu\u00ea<\/strong> e do <strong>como<\/strong>.<\/p><p>S\u00e3o os produtos que vendemos, os servi\u00e7os que oferecemos, o marketing que criamos. <br \/>Quando comunicamos de dentro para fora, come\u00e7ando pelo porqu\u00ea, n\u00e3o vendemos apenas produtos. Oferecemos formas de expressar cren\u00e7as partilhadas.<\/p>\t\t\t\t\t\t\t\t<\/div>\n\t\t\t\t<\/div>\n\t\t\t\t<\/div>\n\t\t\t\t<\/div>\n\t\t\t\t\t<\/div>\n\t\t\t\t<\/div>\n\t\t<div class=\"elementor-element elementor-element-e7e3ad9 e-flex e-con-boxed e-con e-parent\" data-id=\"e7e3ad9\" data-element_type=\"container\" data-e-type=\"container\" data-settings=\"{&quot;background_background&quot;:&quot;classic&quot;}\">\n\t\t\t\t\t<div class=\"e-con-inner\">\n\t\t<div class=\"elementor-element elementor-element-2ecc73a e-con-full e-flex e-con e-child\" data-id=\"2ecc73a\" data-element_type=\"container\" data-e-type=\"container\">\n\t\t<div class=\"elementor-element elementor-element-024b7e9 e-con-full e-flex e-con e-child\" data-id=\"024b7e9\" data-element_type=\"container\" data-e-type=\"container\">\n\t\t\t\t<div class=\"elementor-element elementor-element-eacacf0 elementor-widget elementor-widget-video\" data-id=\"eacacf0\" data-element_type=\"widget\" data-e-type=\"widget\" data-settings=\"{&quot;youtube_url&quot;:&quot;https:\\\/\\\/www.youtube.com\\\/watch?v=u4ZoJKF_VuA&quot;,&quot;video_type&quot;:&quot;youtube&quot;,&quot;controls&quot;:&quot;yes&quot;}\" data-widget_type=\"video.default\">\n\t\t\t\t\t\t\t<div class=\"elementor-wrapper elementor-open-inline\">\n\t\t\t<div class=\"elementor-video\"><\/div>\t\t<\/div>\n\t\t\t\t\t\t<\/div>\n\t\t\t\t<\/div>\n\t\t<div class=\"elementor-element elementor-element-9fb2ff4 e-con-full e-flex e-con e-child\" data-id=\"9fb2ff4\" data-element_type=\"container\" data-e-type=\"container\">\n\t\t\t\t<div class=\"elementor-element elementor-element-c86d7a1 elementor-widget elementor-widget-text-editor\" data-id=\"c86d7a1\" data-element_type=\"widget\" data-e-type=\"widget\" data-widget_type=\"text-editor.default\">\n\t\t\t\t\t\t\t\t\t<p class=\"whitespace-normal break-words\">Esta abordagem, popularizada por <strong>Simon Sinek<\/strong> no seu conceito do<strong> Golden Circle<\/strong>, revolucionou a forma como entendemos lideran\u00e7a e marketing.<\/p><p>\u00a0<\/p><p class=\"whitespace-normal break-words\"><strong>Na Ascend<\/strong>, aplicamos estes princ\u00edpios para criar <strong>estrat\u00e9gias que inspiram a\u00e7\u00e3o<\/strong>, n\u00e3o porque manipulam, mas porque <strong>conectam com o que as pessoas j\u00e1 acreditam<\/strong>.<\/p>\t\t\t\t\t\t\t\t<\/div>\n\t\t\t\t<\/div>\n\t\t\t\t<\/div>\n\t\t\t\t\t<\/div>\n\t\t\t\t<\/div>\n\t\t<div class=\"elementor-element elementor-element-786e8e6 e-con-full e-flex e-con e-parent\" data-id=\"786e8e6\" data-element_type=\"container\" data-e-type=\"container\" data-settings=\"{&quot;background_background&quot;:&quot;classic&quot;}\">\n\t\t\t\t<div class=\"elementor-element elementor-element-5bc3279 elementor-widget elementor-widget-image-carousel\" data-id=\"5bc3279\" data-element_type=\"widget\" data-e-type=\"widget\" data-settings=\"{&quot;slides_to_show&quot;:&quot;3&quot;,&quot;slides_to_show_tablet&quot;:&quot;3&quot;,&quot;slides_to_show_mobile&quot;:&quot;2&quot;,&quot;navigation&quot;:&quot;none&quot;,&quot;autoplay_speed&quot;:500,&quot;image_spacing_custom&quot;:{&quot;unit&quot;:&quot;px&quot;,&quot;size&quot;:75,&quot;sizes&quot;:[]},&quot;image_spacing_custom_tablet&quot;:{&quot;unit&quot;:&quot;px&quot;,&quot;size&quot;:95,&quot;sizes&quot;:[]},&quot;image_spacing_custom_mobile&quot;:{&quot;unit&quot;:&quot;px&quot;,&quot;size&quot;:30,&quot;sizes&quot;:[]},&quot;slides_to_scroll&quot;:&quot;1&quot;,&quot;speed&quot;:1500,&quot;autoplay&quot;:&quot;yes&quot;,&quot;infinite&quot;:&quot;yes&quot;}\" data-widget_type=\"image-carousel.default\">\n\t\t\t\t\t\t\t<div class=\"elementor-image-carousel-wrapper swiper\" role=\"region\" aria-roledescription=\"carousel\" aria-label=\"Carrossel de imagens\" dir=\"ltr\">\n\t\t\t<div class=\"elementor-image-carousel swiper-wrapper\" aria-live=\"off\">\n\t\t\t\t\t\t\t\t<div class=\"swiper-slide\" role=\"group\" aria-roledescription=\"slide\" aria-label=\"1 sur 2\"><figure class=\"swiper-slide-inner\"><img decoding=\"async\" class=\"swiper-slide-image\" src=\"https:\/\/ascend.pt\/wp-content\/uploads\/2025\/07\/ascend-mkt-solutions_.svg\" alt=\"ascend marketing solutions, ag\u00eancia de marketing digital\" title=\"\"><\/figure><\/div><div class=\"swiper-slide\" role=\"group\" aria-roledescription=\"slide\" aria-label=\"2 sur 2\"><figure class=\"swiper-slide-inner\"><img decoding=\"async\" class=\"swiper-slide-image\" src=\"https:\/\/ascend.pt\/wp-content\/uploads\/2025\/07\/ascend-mkt-solutions.svg\" alt=\"ascend marketing solutions, ag\u00eancia de marketing digital\" title=\"\"><\/figure><\/div>\t\t\t<\/div>\n\t\t\t\t\t\t\t\n\t\t\t\t\t\t\t\t\t<\/div>\n\t\t\t\t\t\t<\/div>\n\t\t\t\t<\/div>\n\t\t<div class=\"elementor-element elementor-element-b972371 e-flex e-con-boxed e-con e-parent\" data-id=\"b972371\" data-element_type=\"container\" data-e-type=\"container\" data-settings=\"{&quot;background_background&quot;:&quot;classic&quot;}\">\n\t\t\t\t\t<div class=\"e-con-inner\">\n\t\t<div class=\"elementor-element elementor-element-68ad6e9 e-con-full e-flex e-con e-child\" data-id=\"68ad6e9\" data-element_type=\"container\" data-e-type=\"container\">\n\t\t<div class=\"elementor-element elementor-element-632806b e-con-full e-flex e-con e-child\" data-id=\"632806b\" data-element_type=\"container\" data-e-type=\"container\">\n\t\t\t\t<div class=\"elementor-element elementor-element-0b66d6e elementor-widget elementor-widget-heading\" data-id=\"0b66d6e\" data-element_type=\"widget\" data-e-type=\"widget\" data-widget_type=\"heading.default\">\n\t\t\t\t\t<h2 class=\"elementor-heading-title elementor-size-default\">o que nos move<\/h2>\t\t\t\t<\/div>\n\t\t\t\t<\/div>\n\t\t<div class=\"elementor-element elementor-element-f42abcb e-con-full e-flex e-con e-child\" data-id=\"f42abcb\" data-element_type=\"container\" data-e-type=\"container\">\n\t\t\t\t<div class=\"elementor-element elementor-element-1330e64 elementor-widget elementor-widget-text-editor\" data-id=\"1330e64\" data-element_type=\"widget\" data-e-type=\"widget\" data-widget_type=\"text-editor.default\">\n\t\t\t\t\t\t\t\t\t<p class=\"whitespace-normal break-words\">Somos uma equipa com <strong>experi\u00eancia internacional<\/strong> em <strong>marketing, gest\u00e3o e estrat\u00e9gia digital<\/strong>. O nosso percurso inclui uma ampla variedade de projetos e consultoria para empresas de diversas dimens\u00f5es e setores.<\/p><p class=\"whitespace-normal break-words\">Mas o que verdadeiramente nos define \u00e9 a <strong>paix\u00e3o por resultados<\/strong>. Cada campanha otimizada, cada convers\u00e3o alcan\u00e7ada, cada objetivo superado refor\u00e7a o nosso compromisso: <strong>elevar neg\u00f3cios atrav\u00e9s da excel\u00eancia em marketing digital<\/strong>.<\/p><p class=\"whitespace-normal break-words\">Como ag\u00eancia certificada <strong>Google Partner<\/strong>, aliamos compet\u00eancia t\u00e9cnica com vis\u00e3o estrat\u00e9gica. Como <strong>equipa internacional<\/strong>, unimos experi\u00eancia global \u00e0 execu\u00e7\u00e3o local. E como <strong>parceiros de neg\u00f3cio<\/strong>, transformamos objetivos em resultados mensur\u00e1veis.<\/p>\t\t\t\t\t\t\t\t<\/div>\n\t\t\t\t<\/div>\n\t\t\t\t<\/div>\n\t\t\t\t\t<\/div>\n\t\t\t\t<\/div>\n\t\t\t\t<\/div>\n\t\t","protected":false},"excerpt":{"rendered":"<p>A Ascend \u00e9 uma ag\u00eancia de marketing digital em Portugal, especializada em Google Ads, performance digital e gera\u00e7\u00e3o de leads, com foco em resultados mensur\u00e1veis para empresas B2B, servi\u00e7os profissionais e projetos de e-commerce. marketing digital sem fronteiras Ascend marketing solutions Do Rio de Janeiro a S\u00e3o Paulo, de Lisboa ao Porto, de Paris a [&hellip;]<\/p>\n","protected":false},"author":1,"featured_media":0,"parent":0,"menu_order":0,"comment_status":"closed","ping_status":"closed","template":"","meta":{"footnotes":""},"class_list":["post-1420","page","type-page","status-publish","hentry"],"_links":{"self":[{"href":"https:\/\/ascend.pt\/en\/wp-json\/wp\/v2\/pages\/1420","targetHints":{"allow":["GET"]}}],"collection":[{"href":"https:\/\/ascend.pt\/en\/wp-json\/wp\/v2\/pages"}],"about":[{"href":"https:\/\/ascend.pt\/en\/wp-json\/wp\/v2\/types\/page"}],"author":[{"embeddable":true,"href":"https:\/\/ascend.pt\/en\/wp-json\/wp\/v2\/users\/1"}],"replies":[{"embeddable":true,"href":"https:\/\/ascend.pt\/en\/wp-json\/wp\/v2\/comments?post=1420"}],"version-history":[{"count":3,"href":"https:\/\/ascend.pt\/en\/wp-json\/wp\/v2\/pages\/1420\/revisions"}],"predecessor-version":[{"id":3027,"href":"https:\/\/ascend.pt\/en\/wp-json\/wp\/v2\/pages\/1420\/revisions\/3027"}],"wp:attachment":[{"href":"https:\/\/ascend.pt\/en\/wp-json\/wp\/v2\/media?parent=1420"}],"curies":[{"name":"wp","href":"https:\/\/api.w.org\/{rel}","templated":true}]}}